{"id":36,"date":"2022-02-23T08:22:24","date_gmt":"2022-02-23T11:22:24","guid":{"rendered":"http:\/\/imirim.com\/?page_id=36"},"modified":"2022-02-23T08:27:48","modified_gmt":"2022-02-23T11:27:48","slug":"tv-imirim","status":"publish","type":"page","link":"https:\/\/imirim.com\/index.php\/tv-imirim\/","title":{"rendered":"TV Imirim"},"content":{"rendered":"\n<p style=\"text-align:left\">Conhe\u00e7a tamb\u00e9m a TV Imirim, o espa\u00e7o onde o mundo pode conhecer o que nossa gente tem de bom a oferecer<\/p>\n\n\n\n<figure class=\"wp-block-embed-youtube wp-block-embed is-type-video is-provider-youtube wp-embed-aspect-4-3 wp-has-aspect-ratio\"><div class=\"wp-block-embed__wrapper\">\n<iframe loading=\"lazy\" title=\"Homenagem Bairro Imirim\" width=\"600\" height=\"450\" src=\"https:\/\/www.youtube.com\/embed\/bIAd_CiHxdk?list=PLVBQYAwiN4raZIJzG6bJumbc4tjvjjNdP\" frameborder=\"0\" allow=\"accelerometer; autoplay; clipboard-write; encrypted-media; gyroscope; picture-in-picture\" allowfullscreen><\/iframe>\n<\/div><\/figure>\n","protected":false},"excerpt":{"rendered":"<p>Conhe\u00e7a tamb\u00e9m a TV Imirim, o espa\u00e7o onde o mundo pode conhecer o que nossa gente tem de bom a oferecer<\/p>\n","protected":false},"author":1,"featured_media":0,"parent":0,"menu_order":0,"comment_status":"closed","ping_status":"closed","template":"","meta":{"footnotes":""},"_links":{"self":[{"href":"https:\/\/imirim.com\/index.php\/wp-json\/wp\/v2\/pages\/36"}],"collection":[{"href":"https:\/\/imirim.com\/index.php\/wp-json\/wp\/v2\/pages"}],"about":[{"href":"https:\/\/imirim.com\/index.php\/wp-json\/wp\/v2\/types\/page"}],"author":[{"embeddable":true,"href":"https:\/\/imirim.com\/index.php\/wp-json\/wp\/v2\/users\/1"}],"replies":[{"embeddable":true,"href":"https:\/\/imirim.com\/index.php\/wp-json\/wp\/v2\/comments?post=36"}],"version-history":[{"count":1,"href":"https:\/\/imirim.com\/index.php\/wp-json\/wp\/v2\/pages\/36\/revisions"}],"predecessor-version":[{"id":37,"href":"https:\/\/imirim.com\/index.php\/wp-json\/wp\/v2\/pages\/36\/revisions\/37"}],"wp:attachment":[{"href":"https:\/\/imirim.com\/index.php\/wp-json\/wp\/v2\/media?parent=36"}],"curies":[{"name":"wp","href":"https:\/\/api.w.org\/{rel}","templated":true}]}}