{"id":26,"date":"2019-03-09T00:39:21","date_gmt":"2019-03-09T03:39:21","guid":{"rendered":"http:\/\/imirim.com\/?page_id=26"},"modified":"2019-03-09T08:13:10","modified_gmt":"2019-03-09T11:13:10","slug":"sobre","status":"publish","type":"page","link":"https:\/\/imirim.com\/index.php\/sobre\/","title":{"rendered":"Sobre o Bairro"},"content":{"rendered":"\n<p>Origin\u00e1rio de duas palavras tupis: &#8216;y, que significa &#8220;rio&#8221;, e mirim, que significa &#8220;pequeno&#8221;, o bairro do Imirim nasce em 13 de maio de 1833, como uma refer\u00eancia ao c\u00f3rrego hom\u00f4nimo que banha o bairro (hoje, subterraneamente).<\/p>\n\n\n\n<p style=\"text-align:center\"><iframe loading=\"lazy\" width=\"460\" height=\"259\" src=\"https:\/\/www.youtube.com\/embed\/videoseries?list=PLVBQYAwiN4raZIJzG6bJumbc4tjvjjNdP\" frameborder=\"0\" allow=\"accelerometer; autoplay; encrypted-media; gyroscope; picture-in-picture\" allowfullscreen=\"\"><\/iframe><\/p>\n\n\n\n<p>\u00c9 um bairro da Zona\nNorte do munic\u00edpio de S\u00e3o Paulo, que fica no pr\u00f3prio estado de S\u00e3o\nPaulo, no territ\u00f3rio Brasileiro. Na sua maior parte, pertence ao\ndistrito da Casa Verde, mas tamb\u00e9m possui territ\u00f3rios em Santana,\nMandaqui e Cachoeirinha. Seu dia oficial foi sancionado inicialmente\npela Lei 12 789, de 1999, tendo sido esta revogada pela Lei 14 485,\nde 19 de julho de 2007, que consolidou a legisla\u00e7\u00e3o municipal\nreferente a datas comemorativas, eventos e feriados do Munic\u00edpio de\nS\u00e3o Paulo e que manteve esta data comemorativa. \n<\/p>\n\n\n\n<p>Fonte: <a href=\"https:\/\/pt.wikipedia.org\/wiki\/Imirim\" target=\"_blank\" rel=\"noreferrer noopener\" aria-label=\"https:\/\/pt.wikipedia.org\/wiki\/Imirim (abre numa nova aba)\">https:\/\/pt.wikipedia.org\/wiki\/Imirim<\/a><\/p>\n","protected":false},"excerpt":{"rendered":"<p>Origin\u00e1rio de duas palavras tupis: &#8216;y, que significa &#8220;rio&#8221;, e mirim, que significa &#8220;pequeno&#8221;, o bairro do Imirim nasce em 13 de maio de 1833, como uma refer\u00eancia ao c\u00f3rrego hom\u00f4nimo que banha o bairro (hoje, subterraneamente). \u00c9 um bairro da Zona Norte do munic\u00edpio de S\u00e3o Paulo, que fica no pr\u00f3prio estado de S\u00e3o [&hellip;]<\/p>\n","protected":false},"author":1,"featured_media":0,"parent":0,"menu_order":0,"comment_status":"closed","ping_status":"closed","template":"","meta":{"footnotes":""},"_links":{"self":[{"href":"https:\/\/imirim.com\/index.php\/wp-json\/wp\/v2\/pages\/26"}],"collection":[{"href":"https:\/\/imirim.com\/index.php\/wp-json\/wp\/v2\/pages"}],"about":[{"href":"https:\/\/imirim.com\/index.php\/wp-json\/wp\/v2\/types\/page"}],"author":[{"embeddable":true,"href":"https:\/\/imirim.com\/index.php\/wp-json\/wp\/v2\/users\/1"}],"replies":[{"embeddable":true,"href":"https:\/\/imirim.com\/index.php\/wp-json\/wp\/v2\/comments?post=26"}],"version-history":[{"count":2,"href":"https:\/\/imirim.com\/index.php\/wp-json\/wp\/v2\/pages\/26\/revisions"}],"predecessor-version":[{"id":33,"href":"https:\/\/imirim.com\/index.php\/wp-json\/wp\/v2\/pages\/26\/revisions\/33"}],"wp:attachment":[{"href":"https:\/\/imirim.com\/index.php\/wp-json\/wp\/v2\/media?parent=26"}],"curies":[{"name":"wp","href":"https:\/\/api.w.org\/{rel}","templated":true}]}}